{"id":1142,"date":"2019-10-30T11:19:52","date_gmt":"2019-10-30T11:19:52","guid":{"rendered":"http:\/\/www.surfersparadise.be\/?page_id=1142"},"modified":"2025-02-20T15:04:40","modified_gmt":"2025-02-20T14:04:40","slug":"over-ons","status":"publish","type":"page","link":"https:\/\/www.surfersparadise.be\/fr\/info\/over-ons\/","title":{"rendered":"Mission et vision"},"content":{"rendered":"<p><a href=\"https:\/\/www.surfersparadise.be\/wp-content\/uploads\/2025\/02\/Surfers-Paradise-Huishoudelijk-Reglement-2025.pdf\"><br \/>\nR\u00e8glement int\u00e9rieur<br \/>\n<\/a><\/p>\n<h3>G\u00c9N\u00c9RALIT\u00c9S<\/h3>\n<p>Surfers Paradise est un club de sports nautiques actif situ\u00e9 \u00e0 Knokke-Heist, au milieu des dunes, \u00e0 c\u00f4t\u00e9 de la r\u00e9serve naturelle Het Zwin. Depuis 1988, vous pouvez venir chez nous <a href=\"https:\/\/www.surfersparadise.be\/fr\/watersportcenter\/surf-sup-center\/\">surf des vagues<\/a>, <a href=\"https:\/\/www.surfersparadise.be\/fr\/watersportcenter\/windsurfcenter\/\">planche \u00e0 voile<\/a>, <a href=\"https:\/\/www.surfersparadise.be\/fr\/watersportcenter\/kitesurfcenter\/\">kitesurf<\/a> et <a href=\"https:\/\/www.surfersparadise.be\/fr\/watersportcenter\/surf-sup-center\/\">stand up paddle boarding<\/a>. Nous proposons \u00e9galement de nombreux autres sports de plage et de mer. Vous cherchez un endroit o\u00f9 louer des \u00e9quipements de sports nautiques ? <a href=\"https:\/\/surfersparadise.vikingbookings.com\/nl\/booking?form=2\">une le\u00e7on priv\u00e9e de surf ou une autre le\u00e7on (priv\u00e9e ou en groupe)<\/a>,<a href=\"https:\/\/www.surfersparadise.be\/fr\/camps\/\">camp de sports nautiques<\/a> ou <a href=\"https:\/\/www.surfersparadise.be\/fr\/groepen\/schoolsportdagen\/\">Journ\u00e9e du sport scolaire<\/a> \u00e0 Knokke-Heist ? <a href=\"https:\/\/www.surfersparadise.be\/fr\/groepen\/bedrijven\/\">Constitution d'une \u00e9quipe avec l'entreprise<\/a>? Cl\u00f4ture par un barbecue sur la plage ? Surfers Paradise a tout pour plaire !<\/p>\n<h3>D\u00c9CLARATION DE MISSION<\/h3>\n<p>Surfers Paradise, une fa\u00e7on de vivre pr\u00e8s de l'oc\u00e9an !<\/p>\n<p>Notre objectif : transmettre la passion des sports nautiques \u00e0 tous et animer un club ouvert aux jeunes et aux moins jeunes. Sans distinction de couleur, de langue ou de classe. Nous voulons encourager tout le monde \u00e0 faire autant de sport que possible d'une mani\u00e8re amusante, amicale et atmosph\u00e9rique. Tout cela au milieu de la mer, du soleil et de la plage.<\/p>\n<p>Notre op\u00e9ration a la vision d'offrir \u00e0 tous, quel que soit leur niveau, l'entra\u00eenement aux sports nautiques le plus sophistiqu\u00e9 possible avec les moyens disponibles. De plus, cela doit se faire dans une atmosph\u00e8re agr\u00e9able.<\/p>\n<p>Raffin\u00e9 signifie donc s'efforcer d'obtenir la meilleure qualit\u00e9 dans toutes les facettes de l'op\u00e9ration. D'ailleurs, tout le monde - nos formateurs, les surfeurs, le personnel permanent, les \u00e9tudiants et les b\u00e9n\u00e9voles - doit \u00eatre convaincu ou devenir convaincu que cette qualit\u00e9 est la seule voie vers un succ\u00e8s durable.<\/p>\n<p>Le sentiment d'appartenance \u00e0 un groupe est central et doit \u00eatre travaill\u00e9 en permanence afin que chaque membre de l'op\u00e9ration se sente impliqu\u00e9 dans l'ensemble et pas seulement dans sa propre \u00e9quipe, famille, entreprise, camp ou groupe.<\/p>\n<p>Les sports nautiques sont synonymes de plaisir et d'un style de vie unique. Mais ces sports exigent \u00e9galement un engagement et le respect des accords et des r\u00e8gles. L'intention n'est certainement pas que cela fasse obstacle au divertissement. Les sports nautiques restent agr\u00e9ables lorsque chacun fait sa part pour cr\u00e9er une bonne ambiance.<\/p>\n<p>En tant que club de surf, nous nous effor\u00e7ons de donner une image positive et nous transmettons ce message, non seulement aux jeunes, mais aussi aux adultes. Le respect de l'environnement et des mat\u00e9riaux, le fair-play et une attitude sportive sont essentiels.<\/p>\n<p>Nous proposons une gamme tr\u00e8s vari\u00e9e de sports nautiques pour les jeunes et les moins jeunes : surf des vagues, planche \u00e0 voile, kite surf, stand-up paddle board, rafting en mer, kayak, efoiling, wingfoiling, pronefoiling, skimboard, bodyboard, skateboard et sports de plage.<\/p>\n<p>Tout le monde peut pratiquer ce sport gr\u00e2ce aux sessions Start To, aux camps de surf, aux initiations gratuites, aux incentives d'entreprise, aux journ\u00e9es de team building et aux journ\u00e9es familiales, aux \u00e9v\u00e9nements et aux journ\u00e9es sportives scolaires. Nous offrons \u00e9galement aux jeunes la possibilit\u00e9 de rejoindre des \u00e9quipes de surf o\u00f9 ils b\u00e9n\u00e9ficient d'un encadrement professionnel hebdomadaire. Ce large \u00e9ventail de sports propos\u00e9s s'adresse vraiment \u00e0 tout le monde, quel que soit le milieu social ou culturel. Tout le monde a la possibilit\u00e9 de rejoindre le monde merveilleux du surf.<\/p>\n<h3>Club house et logement<\/h3>\n<p>Dans notre \"Californian Clubhouse\" \u00e0 Knokke-Heist, d\u00e9couvrez le surf bar avec un menu saisonnier Surfers Paradise et la d\u00e9coration la plus exclusive inspir\u00e9e par le surf et provenant du monde entier. \u00c0 l'ext\u00e9rieur, la spacieuse terrasse de la plage avec le Sunset lounge et le bar \u00e0 cocktails est un endroit id\u00e9al pour se d\u00e9tendre.<br \/>\nLa plage est \u00e9quip\u00e9e de hamacs, de sacs \u00e0 haricots, d'un trampoline et d'un terrain de beach-volley.<br \/>\nLe hangar offre des vestiaires spacieux, des douches, une r\u00e9ception et suffisamment d'espace pour stocker en toute s\u00e9curit\u00e9 les \u00e9quipements du club et les \u00e9quipements personnels. Le service de secours professionnel garde toujours un \u0153il sur les choses. Les familles et les amis qui souhaitent prendre un verre ou une collation sur la plage de Knokke-Heist dans un environnement chaleureux sont \u00e9galement les bienvenus.<\/p>\n<h3>Histoire<\/h3>\n<p>En 1987, les l\u00e9gendaires Beach Boys californiens ont donn\u00e9 un concert \u00e0 Knokke-Heist et ont attir\u00e9 quelque 15 000 amateurs sur la plage, au niveau de l'ancienne piscine. A peine un an plus tard, en 1988, la <a href=\"https:\/\/www.surfersparadise.be\/fr\/info\/frank-vanleenhove-surf-cv\/\">Frank Vanleenhove<\/a>\u00a0Surfers Paradise pour transformer la m\u00eame portion de plage en un spot de surf aux allures californiennes. Il a \u00e9t\u00e9 soutenu dans cette d\u00e9marche par les membres fondateurs de Surfers Paradise.<\/p>","protected":false},"excerpt":{"rendered":"<p>R\u00e8glement int\u00e9rieur GENERAL Surfers Paradise est un club de sports nautiques actif situ\u00e9 \u00e0 Knokke-Heist, au milieu des dunes, \u00e0 c\u00f4t\u00e9 de la r\u00e9serve naturelle Het Zwin. Depuis 1988, vous pouvez nous rejoindre pour pratiquer le surf des vagues, la planche \u00e0 voile, le kite surf et le stand up paddle board. Nous proposons \u00e9galement de nombreux autres sports de plage et de mer. Vous cherchez un endroit \u00e0 louer ... <a title=\"Mission et vision\" class=\"read-more\" href=\"https:\/\/www.surfersparadise.be\/fr\/info\/over-ons\/\" aria-label=\"En savoir plus sur Mission &amp; Vision\">Lire la suite<\/a><\/p>","protected":false},"author":1,"featured_media":0,"parent":2627,"menu_order":0,"comment_status":"closed","ping_status":"closed","template":"","meta":{"footnotes":""},"class_list":["post-1142","page","type-page","status-publish"],"yoast_head":"<!-- This site is optimized with the Yoast SEO plugin v27.5 - https:\/\/yoast.com\/product\/yoast-seo-wordpress\/ -->\n<title>Missie &amp; visie - Surfers Paradise<\/title>\n<meta name=\"robots\" content=\"index, follow, max-snippet:-1, max-image-preview:large, max-video-preview:-1\" \/>\n<link rel=\"canonical\" href=\"https:\/\/www.surfersparadise.be\/fr\/info\/over-ons\/\" \/>\n<meta property=\"og:locale\" content=\"fr_FR\" \/>\n<meta property=\"og:type\" content=\"article\" \/>\n<meta property=\"og:title\" content=\"Missie &amp; visie - Surfers Paradise\" \/>\n<meta property=\"og:description\" content=\"Huishoudelijk reglement ALGEMEEN Surfers Paradise is een actieve watersportclub in Knokke-Heist ten midden van de duinen vlak naast natuurreservaat Het Zwin. Al sinds 1988 kan je bij ons golfsurfen, windsurfen, kitesurfen en stand up paddle boarden. Daarnaast bieden we nog heel wat andere strand &amp; zeesporten aan. Op zoek naar een locatie voor verhuur van ... Lire la suite\" \/>\n<meta property=\"og:url\" content=\"https:\/\/www.surfersparadise.be\/fr\/info\/over-ons\/\" \/>\n<meta property=\"og:site_name\" content=\"Surfers Paradise\" \/>\n<meta property=\"article:publisher\" content=\"https:\/\/www.facebook.com\/surfersparadise\/\" \/>\n<meta property=\"article:modified_time\" content=\"2025-02-20T14:04:40+00:00\" \/>\n<meta name=\"twitter:card\" content=\"summary_large_image\" \/>\n<meta name=\"twitter:label1\" content=\"Dur\u00e9e de lecture estim\u00e9e\" \/>\n\t<meta name=\"twitter:data1\" content=\"3 minutes\" \/>\n<script type=\"application\/ld+json\" class=\"yoast-schema-graph\">{\"@context\":\"https:\\\/\\\/schema.org\",\"@graph\":[{\"@type\":\"WebPage\",\"@id\":\"https:\\\/\\\/www.surfersparadise.be\\\/info\\\/over-ons\\\/\",\"url\":\"https:\\\/\\\/www.surfersparadise.be\\\/info\\\/over-ons\\\/\",\"name\":\"Missie & visie - Surfers Paradise\",\"isPartOf\":{\"@id\":\"https:\\\/\\\/www.surfersparadise.be\\\/#website\"},\"datePublished\":\"2019-10-30T11:19:52+00:00\",\"dateModified\":\"2025-02-20T14:04:40+00:00\",\"breadcrumb\":{\"@id\":\"https:\\\/\\\/www.surfersparadise.be\\\/info\\\/over-ons\\\/#breadcrumb\"},\"inLanguage\":\"fr-FR\",\"potentialAction\":[{\"@type\":\"ReadAction\",\"target\":[\"https:\\\/\\\/www.surfersparadise.be\\\/info\\\/over-ons\\\/\"]}]},{\"@type\":\"BreadcrumbList\",\"@id\":\"https:\\\/\\\/www.surfersparadise.be\\\/info\\\/over-ons\\\/#breadcrumb\",\"itemListElement\":[{\"@type\":\"ListItem\",\"position\":1,\"name\":\"Home\",\"item\":\"https:\\\/\\\/www.surfersparadise.be\\\/\"},{\"@type\":\"ListItem\",\"position\":2,\"name\":\"Info\",\"item\":\"https:\\\/\\\/www.surfersparadise.be\\\/info\\\/\"},{\"@type\":\"ListItem\",\"position\":3,\"name\":\"Missie &#038; visie\"}]},{\"@type\":\"WebSite\",\"@id\":\"https:\\\/\\\/www.surfersparadise.be\\\/#website\",\"url\":\"https:\\\/\\\/www.surfersparadise.be\\\/\",\"name\":\"Surfers Paradise\",\"description\":\"\",\"publisher\":{\"@id\":\"https:\\\/\\\/www.surfersparadise.be\\\/#organization\"},\"potentialAction\":[{\"@type\":\"SearchAction\",\"target\":{\"@type\":\"EntryPoint\",\"urlTemplate\":\"https:\\\/\\\/www.surfersparadise.be\\\/?s={search_term_string}\"},\"query-input\":{\"@type\":\"PropertyValueSpecification\",\"valueRequired\":true,\"valueName\":\"search_term_string\"}}],\"inLanguage\":\"fr-FR\"},{\"@type\":\"Organization\",\"@id\":\"https:\\\/\\\/www.surfersparadise.be\\\/#organization\",\"name\":\"Surfers Paradise\",\"url\":\"https:\\\/\\\/www.surfersparadise.be\\\/\",\"logo\":{\"@type\":\"ImageObject\",\"inLanguage\":\"fr-FR\",\"@id\":\"https:\\\/\\\/www.surfersparadise.be\\\/#\\\/schema\\\/logo\\\/image\\\/\",\"url\":\"https:\\\/\\\/www.surfersparadise.be\\\/wp-content\\\/uploads\\\/2019\\\/03\\\/surfersparadise-logo.png\",\"contentUrl\":\"https:\\\/\\\/www.surfersparadise.be\\\/wp-content\\\/uploads\\\/2019\\\/03\\\/surfersparadise-logo.png\",\"width\":185,\"height\":90,\"caption\":\"Surfers Paradise\"},\"image\":{\"@id\":\"https:\\\/\\\/www.surfersparadise.be\\\/#\\\/schema\\\/logo\\\/image\\\/\"},\"sameAs\":[\"https:\\\/\\\/www.facebook.com\\\/surfersparadise\\\/\",\"https:\\\/\\\/www.instagram.com\\\/surfersparadisebelgium\\\/\"]}]}<\/script>\n<!-- \/ Yoast SEO plugin. -->","yoast_head_json":{"title":"Mission et vision - Surfers Paradise","robots":{"index":"index","follow":"follow","max-snippet":"max-snippet:-1","max-image-preview":"max-image-preview:large","max-video-preview":"max-video-preview:-1"},"canonical":"https:\/\/www.surfersparadise.be\/fr\/info\/over-ons\/","og_locale":"fr_FR","og_type":"article","og_title":"Missie & visie - Surfers Paradise","og_description":"Huishoudelijk reglement ALGEMEEN Surfers Paradise is een actieve watersportclub in Knokke-Heist ten midden van de duinen vlak naast natuurreservaat Het Zwin. Al sinds 1988 kan je bij ons golfsurfen, windsurfen, kitesurfen en stand up paddle boarden. Daarnaast bieden we nog heel wat andere strand &amp; zeesporten aan. Op zoek naar een locatie voor verhuur van ... Lire la suite","og_url":"https:\/\/www.surfersparadise.be\/fr\/info\/over-ons\/","og_site_name":"Surfers Paradise","article_publisher":"https:\/\/www.facebook.com\/surfersparadise\/","article_modified_time":"2025-02-20T14:04:40+00:00","twitter_card":"summary_large_image","twitter_misc":{"Dur\u00e9e de lecture estim\u00e9e":"3 minutes"},"schema":{"@context":"https:\/\/schema.org","@graph":[{"@type":"WebPage","@id":"https:\/\/www.surfersparadise.be\/info\/over-ons\/","url":"https:\/\/www.surfersparadise.be\/info\/over-ons\/","name":"Mission et vision - Surfers Paradise","isPartOf":{"@id":"https:\/\/www.surfersparadise.be\/#website"},"datePublished":"2019-10-30T11:19:52+00:00","dateModified":"2025-02-20T14:04:40+00:00","breadcrumb":{"@id":"https:\/\/www.surfersparadise.be\/info\/over-ons\/#breadcrumb"},"inLanguage":"fr-FR","potentialAction":[{"@type":"ReadAction","target":["https:\/\/www.surfersparadise.be\/info\/over-ons\/"]}]},{"@type":"BreadcrumbList","@id":"https:\/\/www.surfersparadise.be\/info\/over-ons\/#breadcrumb","itemListElement":[{"@type":"ListItem","position":1,"name":"Home","item":"https:\/\/www.surfersparadise.be\/"},{"@type":"ListItem","position":2,"name":"Info","item":"https:\/\/www.surfersparadise.be\/info\/"},{"@type":"ListItem","position":3,"name":"Missie &#038; visie"}]},{"@type":"WebSite","@id":"https:\/\/www.surfersparadise.be\/#website","url":"https:\/\/www.surfersparadise.be\/","name":"Surfers Paradise","description":"","publisher":{"@id":"https:\/\/www.surfersparadise.be\/#organization"},"potentialAction":[{"@type":"SearchAction","target":{"@type":"EntryPoint","urlTemplate":"https:\/\/www.surfersparadise.be\/?s={search_term_string}"},"query-input":{"@type":"PropertyValueSpecification","valueRequired":true,"valueName":"search_term_string"}}],"inLanguage":"fr-FR"},{"@type":"Organization","@id":"https:\/\/www.surfersparadise.be\/#organization","name":"Surfers Paradise","url":"https:\/\/www.surfersparadise.be\/","logo":{"@type":"ImageObject","inLanguage":"fr-FR","@id":"https:\/\/www.surfersparadise.be\/#\/schema\/logo\/image\/","url":"https:\/\/www.surfersparadise.be\/wp-content\/uploads\/2019\/03\/surfersparadise-logo.png","contentUrl":"https:\/\/www.surfersparadise.be\/wp-content\/uploads\/2019\/03\/surfersparadise-logo.png","width":185,"height":90,"caption":"Surfers Paradise"},"image":{"@id":"https:\/\/www.surfersparadise.be\/#\/schema\/logo\/image\/"},"sameAs":["https:\/\/www.facebook.com\/surfersparadise\/","https:\/\/www.instagram.com\/surfersparadisebelgium\/"]}]}},"_links":{"self":[{"href":"https:\/\/www.surfersparadise.be\/fr\/wp-json\/wp\/v2\/pages\/1142","targetHints":{"allow":["GET"]}}],"collection":[{"href":"https:\/\/www.surfersparadise.be\/fr\/wp-json\/wp\/v2\/pages"}],"about":[{"href":"https:\/\/www.surfersparadise.be\/fr\/wp-json\/wp\/v2\/types\/page"}],"author":[{"embeddable":true,"href":"https:\/\/www.surfersparadise.be\/fr\/wp-json\/wp\/v2\/users\/1"}],"replies":[{"embeddable":true,"href":"https:\/\/www.surfersparadise.be\/fr\/wp-json\/wp\/v2\/comments?post=1142"}],"version-history":[{"count":5,"href":"https:\/\/www.surfersparadise.be\/fr\/wp-json\/wp\/v2\/pages\/1142\/revisions"}],"predecessor-version":[{"id":16893,"href":"https:\/\/www.surfersparadise.be\/fr\/wp-json\/wp\/v2\/pages\/1142\/revisions\/16893"}],"up":[{"embeddable":true,"href":"https:\/\/www.surfersparadise.be\/fr\/wp-json\/wp\/v2\/pages\/2627"}],"wp:attachment":[{"href":"https:\/\/www.surfersparadise.be\/fr\/wp-json\/wp\/v2\/media?parent=1142"}],"curies":[{"name":"wp","href":"https:\/\/api.w.org\/{rel}","templated":true}]}}